{"id":663,"date":"2024-07-28T14:39:54","date_gmt":"2024-07-28T14:39:54","guid":{"rendered":"https:\/\/shadesofpinkfoundationca.org\/donation-failed\/"},"modified":"2024-07-28T14:39:54","modified_gmt":"2024-07-28T14:39:54","slug":"donation-failed","status":"publish","type":"page","link":"https:\/\/shadesofpinkfoundationca.org\/es_es\/donation-failed\/","title":{"rendered":"Donaci\u00f3n fallida"},"content":{"rendered":"<p>Lo sentimos, no se pudo procesar tu donaci\u00f3n. Vuelve a intentarlo o comun\u00edcate con el servicio de asistencia del sitio.<\/p>","protected":false},"excerpt":{"rendered":"<p>Lo sentimos, no se pudo procesar tu donaci\u00f3n. Vuelve a intentarlo o comun\u00edcate con el servicio de asistencia del sitio.<\/p>","protected":false},"author":1,"featured_media":0,"parent":0,"menu_order":0,"comment_status":"closed","ping_status":"closed","template":"","meta":{"give_campaign_id":0,"_et_pb_use_builder":"","_et_pb_old_content":"","_et_gb_content_width":"","_price":"","_stock":"","_tribe_ticket_header":"","_tribe_default_ticket_provider":"","_tribe_ticket_capacity":"0","_ticket_start_date":"","_ticket_end_date":"","_tribe_ticket_show_description":"","_tribe_ticket_show_not_going":false,"_tribe_ticket_use_global_stock":"","_tribe_ticket_global_stock_level":"","_global_stock_mode":"","_global_stock_cap":"","_tribe_rsvp_for_event":"","_tribe_ticket_going_count":"","_tribe_ticket_not_going_count":"","_tribe_tickets_list":"[]","_tribe_ticket_has_attendee_info_fields":false,"footnotes":"","_tec_slr_enabled":"","_tec_slr_layout":""},"class_list":["post-663","page","type-page","status-publish","hentry"],"yoast_head":"<!-- This site is optimized with the Yoast SEO plugin v27.5 - https:\/\/yoast.com\/product\/yoast-seo-wordpress\/ -->\n<title>Donation Failed - Shades of Pink Foundation California<\/title>\n<meta name=\"robots\" content=\"index, follow, max-snippet:-1, max-image-preview:large, max-video-preview:-1\" \/>\n<link rel=\"canonical\" href=\"https:\/\/shadesofpinkfoundationca.org\/es_es\/donation-failed\/\" \/>\n<meta property=\"og:locale\" content=\"es_ES\" \/>\n<meta property=\"og:type\" content=\"article\" \/>\n<meta property=\"og:title\" content=\"Donation Failed - Shades of Pink Foundation California\" \/>\n<meta property=\"og:description\" content=\"We&#039;re sorry, your donation failed to process. Please try again or contact site support.\" \/>\n<meta property=\"og:url\" content=\"https:\/\/shadesofpinkfoundationca.org\/es_es\/donation-failed\/\" \/>\n<meta property=\"og:site_name\" content=\"Shades of Pink Foundation California\" \/>\n<meta property=\"article:publisher\" content=\"https:\/\/www.facebook.com\/ShadesofPinkCalifornia\/\" \/>\n<meta name=\"twitter:card\" content=\"summary_large_image\" \/>\n<script type=\"application\/ld+json\" class=\"yoast-schema-graph\">{\"@context\":\"https:\\\/\\\/schema.org\",\"@graph\":[{\"@type\":\"WebPage\",\"@id\":\"https:\\\/\\\/shadesofpinkfoundationca.org\\\/donation-failed\\\/\",\"url\":\"https:\\\/\\\/shadesofpinkfoundationca.org\\\/donation-failed\\\/\",\"name\":\"Donation Failed - Shades of Pink Foundation California\",\"isPartOf\":{\"@id\":\"https:\\\/\\\/shadesofpinkfoundationca.org\\\/#website\"},\"datePublished\":\"2024-07-28T14:39:54+00:00\",\"breadcrumb\":{\"@id\":\"https:\\\/\\\/shadesofpinkfoundationca.org\\\/donation-failed\\\/#breadcrumb\"},\"inLanguage\":\"es\",\"potentialAction\":[{\"@type\":\"ReadAction\",\"target\":[\"https:\\\/\\\/shadesofpinkfoundationca.org\\\/donation-failed\\\/\"]}]},{\"@type\":\"BreadcrumbList\",\"@id\":\"https:\\\/\\\/shadesofpinkfoundationca.org\\\/donation-failed\\\/#breadcrumb\",\"itemListElement\":[{\"@type\":\"ListItem\",\"position\":1,\"name\":\"Home\",\"item\":\"https:\\\/\\\/shadesofpinkfoundationca.org\\\/\"},{\"@type\":\"ListItem\",\"position\":2,\"name\":\"Donation Failed\"}]},{\"@type\":\"WebSite\",\"@id\":\"https:\\\/\\\/shadesofpinkfoundationca.org\\\/#website\",\"url\":\"https:\\\/\\\/shadesofpinkfoundationca.org\\\/\",\"name\":\"Shades of Pink Foundation California\",\"description\":\"\",\"publisher\":{\"@id\":\"https:\\\/\\\/shadesofpinkfoundationca.org\\\/#organization\"},\"potentialAction\":[{\"@type\":\"SearchAction\",\"target\":{\"@type\":\"EntryPoint\",\"urlTemplate\":\"https:\\\/\\\/shadesofpinkfoundationca.org\\\/?s={search_term_string}\"},\"query-input\":{\"@type\":\"PropertyValueSpecification\",\"valueRequired\":true,\"valueName\":\"search_term_string\"}}],\"inLanguage\":\"es\"},{\"@type\":\"Organization\",\"@id\":\"https:\\\/\\\/shadesofpinkfoundationca.org\\\/#organization\",\"name\":\"Shades of Pink Foundation California\",\"url\":\"https:\\\/\\\/shadesofpinkfoundationca.org\\\/\",\"logo\":{\"@type\":\"ImageObject\",\"inLanguage\":\"es\",\"@id\":\"https:\\\/\\\/shadesofpinkfoundationca.org\\\/#\\\/schema\\\/logo\\\/image\\\/\",\"url\":\"https:\\\/\\\/shadesofpinkfoundationca.org\\\/wp-content\\\/uploads\\\/2024\\\/07\\\/sopfca-logo-2.jpg\",\"contentUrl\":\"https:\\\/\\\/shadesofpinkfoundationca.org\\\/wp-content\\\/uploads\\\/2024\\\/07\\\/sopfca-logo-2.jpg\",\"width\":790,\"height\":275,\"caption\":\"Shades of Pink Foundation California\"},\"image\":{\"@id\":\"https:\\\/\\\/shadesofpinkfoundationca.org\\\/#\\\/schema\\\/logo\\\/image\\\/\"},\"sameAs\":[\"https:\\\/\\\/www.facebook.com\\\/ShadesofPinkCalifornia\\\/\"]}]}<\/script>\n<!-- \/ Yoast SEO plugin. -->","yoast_head_json":{"title":"Donation Failed - Shades of Pink Foundation California","robots":{"index":"index","follow":"follow","max-snippet":"max-snippet:-1","max-image-preview":"max-image-preview:large","max-video-preview":"max-video-preview:-1"},"canonical":"https:\/\/shadesofpinkfoundationca.org\/es_es\/donation-failed\/","og_locale":"es_ES","og_type":"article","og_title":"Donation Failed - Shades of Pink Foundation California","og_description":"We&#039;re sorry, your donation failed to process. Please try again or contact site support.","og_url":"https:\/\/shadesofpinkfoundationca.org\/es_es\/donation-failed\/","og_site_name":"Shades of Pink Foundation California","article_publisher":"https:\/\/www.facebook.com\/ShadesofPinkCalifornia\/","twitter_card":"summary_large_image","schema":{"@context":"https:\/\/schema.org","@graph":[{"@type":"WebPage","@id":"https:\/\/shadesofpinkfoundationca.org\/donation-failed\/","url":"https:\/\/shadesofpinkfoundationca.org\/donation-failed\/","name":"Donation Failed - Shades of Pink Foundation California","isPartOf":{"@id":"https:\/\/shadesofpinkfoundationca.org\/#website"},"datePublished":"2024-07-28T14:39:54+00:00","breadcrumb":{"@id":"https:\/\/shadesofpinkfoundationca.org\/donation-failed\/#breadcrumb"},"inLanguage":"es","potentialAction":[{"@type":"ReadAction","target":["https:\/\/shadesofpinkfoundationca.org\/donation-failed\/"]}]},{"@type":"BreadcrumbList","@id":"https:\/\/shadesofpinkfoundationca.org\/donation-failed\/#breadcrumb","itemListElement":[{"@type":"ListItem","position":1,"name":"Home","item":"https:\/\/shadesofpinkfoundationca.org\/"},{"@type":"ListItem","position":2,"name":"Donation Failed"}]},{"@type":"WebSite","@id":"https:\/\/shadesofpinkfoundationca.org\/#website","url":"https:\/\/shadesofpinkfoundationca.org\/","name":"Fundaci\u00f3n Shades of Pink de California","description":"","publisher":{"@id":"https:\/\/shadesofpinkfoundationca.org\/#organization"},"potentialAction":[{"@type":"SearchAction","target":{"@type":"EntryPoint","urlTemplate":"https:\/\/shadesofpinkfoundationca.org\/?s={search_term_string}"},"query-input":{"@type":"PropertyValueSpecification","valueRequired":true,"valueName":"search_term_string"}}],"inLanguage":"es"},{"@type":"Organization","@id":"https:\/\/shadesofpinkfoundationca.org\/#organization","name":"Fundaci\u00f3n Shades of Pink de California","url":"https:\/\/shadesofpinkfoundationca.org\/","logo":{"@type":"ImageObject","inLanguage":"es","@id":"https:\/\/shadesofpinkfoundationca.org\/#\/schema\/logo\/image\/","url":"https:\/\/shadesofpinkfoundationca.org\/wp-content\/uploads\/2024\/07\/sopfca-logo-2.jpg","contentUrl":"https:\/\/shadesofpinkfoundationca.org\/wp-content\/uploads\/2024\/07\/sopfca-logo-2.jpg","width":790,"height":275,"caption":"Shades of Pink Foundation California"},"image":{"@id":"https:\/\/shadesofpinkfoundationca.org\/#\/schema\/logo\/image\/"},"sameAs":["https:\/\/www.facebook.com\/ShadesofPinkCalifornia\/"]}]}},"campaignId":"","ticketed":false,"_links":{"self":[{"href":"https:\/\/shadesofpinkfoundationca.org\/es_es\/wp-json\/wp\/v2\/pages\/663","targetHints":{"allow":["GET"]}}],"collection":[{"href":"https:\/\/shadesofpinkfoundationca.org\/es_es\/wp-json\/wp\/v2\/pages"}],"about":[{"href":"https:\/\/shadesofpinkfoundationca.org\/es_es\/wp-json\/wp\/v2\/types\/page"}],"author":[{"embeddable":true,"href":"https:\/\/shadesofpinkfoundationca.org\/es_es\/wp-json\/wp\/v2\/users\/1"}],"replies":[{"embeddable":true,"href":"https:\/\/shadesofpinkfoundationca.org\/es_es\/wp-json\/wp\/v2\/comments?post=663"}],"version-history":[{"count":0,"href":"https:\/\/shadesofpinkfoundationca.org\/es_es\/wp-json\/wp\/v2\/pages\/663\/revisions"}],"wp:attachment":[{"href":"https:\/\/shadesofpinkfoundationca.org\/es_es\/wp-json\/wp\/v2\/media?parent=663"}],"curies":[{"name":"wp","href":"https:\/\/api.w.org\/{rel}","templated":true}]}}